{"id":18,"date":"2026-04-14T18:12:58","date_gmt":"2026-04-14T18:12:58","guid":{"rendered":"https:\/\/www.expertserviceselectriques.com\/?page_id=18"},"modified":"2026-04-14T18:12:58","modified_gmt":"2026-04-14T18:12:58","slug":"contacts","status":"publish","type":"page","link":"https:\/\/www.expertserviceselectriques.com\/?page_id=18","title":{"rendered":"Contacts"},"content":{"rendered":"\n<p><strong>EXPERT SERVICES \u00c9LECTRIQUES INC<br><br>Boby Lefebvre, pr\u00e9s.<br><br>3990 Bd Industriel<br>Sherbrooke<br>Qu\u00e9bec, J1L 2T8<br><br>T\u00e9l\u00e9phone<br>(819) 342-0812<br><br><br><br>Courriel<br><a href=\"https:\/\/web.archive.org\/web\/20240623182534\/mailto:info@expertserviceselectriques.com\">info@expertserviceselectriques.com<\/a><br><br>RBQ: 5662-8886-01<\/strong><\/p>\n","protected":false},"excerpt":{"rendered":"<p>EXPERT SERVICES \u00c9LECTRIQUES INC Boby Lefebvre, pr\u00e9s. 3990 Bd IndustrielSherbrookeQu\u00e9bec, J1L 2T8 T\u00e9l\u00e9phone(819) 342-0812 Courrielinfo@expertserviceselectriques.com RBQ: 5662-8886-01<\/p>\n","protected":false},"author":1,"featured_media":0,"parent":0,"menu_order":0,"comment_status":"closed","ping_status":"closed","template":"","meta":{"footnotes":""},"class_list":["post-18","page","type-page","status-publish","hentry"],"_links":{"self":[{"href":"https:\/\/www.expertserviceselectriques.com\/index.php?rest_route=\/wp\/v2\/pages\/18","targetHints":{"allow":["GET"]}}],"collection":[{"href":"https:\/\/www.expertserviceselectriques.com\/index.php?rest_route=\/wp\/v2\/pages"}],"about":[{"href":"https:\/\/www.expertserviceselectriques.com\/index.php?rest_route=\/wp\/v2\/types\/page"}],"author":[{"embeddable":true,"href":"https:\/\/www.expertserviceselectriques.com\/index.php?rest_route=\/wp\/v2\/users\/1"}],"replies":[{"embeddable":true,"href":"https:\/\/www.expertserviceselectriques.com\/index.php?rest_route=%2Fwp%2Fv2%2Fcomments&post=18"}],"version-history":[{"count":1,"href":"https:\/\/www.expertserviceselectriques.com\/index.php?rest_route=\/wp\/v2\/pages\/18\/revisions"}],"predecessor-version":[{"id":19,"href":"https:\/\/www.expertserviceselectriques.com\/index.php?rest_route=\/wp\/v2\/pages\/18\/revisions\/19"}],"wp:attachment":[{"href":"https:\/\/www.expertserviceselectriques.com\/index.php?rest_route=%2Fwp%2Fv2%2Fmedia&parent=18"}],"curies":[{"name":"wp","href":"https:\/\/api.w.org\/{rel}","templated":true}]}}