{"id":11,"date":"2026-04-14T18:06:39","date_gmt":"2026-04-14T18:06:39","guid":{"rendered":"https:\/\/www.expertserviceselectriques.com\/?page_id=11"},"modified":"2026-04-14T18:06:39","modified_gmt":"2026-04-14T18:06:39","slug":"services","status":"publish","type":"page","link":"https:\/\/www.expertserviceselectriques.com\/?page_id=11","title":{"rendered":"Services"},"content":{"rendered":"\n<p><strong>Expert Services \u00c9lectriques inc. est sp\u00e9cialis\u00e9 dans les travaux suivants :<\/strong><\/p>\n\n\n\n<p><strong>R\u00c9NOVATION COMMERCIALE<\/strong><br><strong>APPEL DE SERVICE<\/strong><br><strong>CONTR\u00d4LE ET GESTION \u00c9NERG\u00c9TIQUE<\/strong><br><strong>DOMOTIQUE<\/strong><br><strong>PLANCHER CHAUFFANT RADIANT<\/strong><br><strong>R\u00c9SIDENTIEL &#8211; COMMERCIAL &#8211; INDUSTRIEL &#8211; INSTITUTIONNEL<\/strong><\/p>\n\n\n\n<p><strong>Au cours des derni\u00e8res ann\u00e9es notre entreprise a su se m\u00e9riter la confiance de nombreux gestionnaires de projet.<\/strong><\/p>\n\n\n\n<p><strong>Le savoir-faire du personnel et les \u00e9quipements \u00e0 la fine pointe du progr\u00e8s sont les meilleurs gages de la r\u00e9ussite des travaux dans les d\u00e9lais et les budgets pr\u00e9vus.<\/strong><\/p>\n","protected":false},"excerpt":{"rendered":"<p>Expert Services \u00c9lectriques inc. est sp\u00e9cialis\u00e9 dans les travaux suivants : R\u00c9NOVATION COMMERCIALEAPPEL DE SERVICECONTR\u00d4LE ET GESTION \u00c9NERG\u00c9TIQUEDOMOTIQUEPLANCHER CHAUFFANT RADIANTR\u00c9SIDENTIEL &#8211; COMMERCIAL &#8211; INDUSTRIEL &#8211; INSTITUTIONNEL Au cours des derni\u00e8res ann\u00e9es notre entreprise a su se m\u00e9riter la confiance de nombreux gestionnaires de projet. Le savoir-faire du personnel et les \u00e9quipements \u00e0 la fine pointe [&hellip;]<\/p>\n","protected":false},"author":1,"featured_media":0,"parent":0,"menu_order":0,"comment_status":"closed","ping_status":"closed","template":"","meta":{"footnotes":""},"class_list":["post-11","page","type-page","status-publish","hentry"],"_links":{"self":[{"href":"https:\/\/www.expertserviceselectriques.com\/index.php?rest_route=\/wp\/v2\/pages\/11","targetHints":{"allow":["GET"]}}],"collection":[{"href":"https:\/\/www.expertserviceselectriques.com\/index.php?rest_route=\/wp\/v2\/pages"}],"about":[{"href":"https:\/\/www.expertserviceselectriques.com\/index.php?rest_route=\/wp\/v2\/types\/page"}],"author":[{"embeddable":true,"href":"https:\/\/www.expertserviceselectriques.com\/index.php?rest_route=\/wp\/v2\/users\/1"}],"replies":[{"embeddable":true,"href":"https:\/\/www.expertserviceselectriques.com\/index.php?rest_route=%2Fwp%2Fv2%2Fcomments&post=11"}],"version-history":[{"count":1,"href":"https:\/\/www.expertserviceselectriques.com\/index.php?rest_route=\/wp\/v2\/pages\/11\/revisions"}],"predecessor-version":[{"id":12,"href":"https:\/\/www.expertserviceselectriques.com\/index.php?rest_route=\/wp\/v2\/pages\/11\/revisions\/12"}],"wp:attachment":[{"href":"https:\/\/www.expertserviceselectriques.com\/index.php?rest_route=%2Fwp%2Fv2%2Fmedia&parent=11"}],"curies":[{"name":"wp","href":"https:\/\/api.w.org\/{rel}","templated":true}]}}